{"id":5052,"date":"2022-10-16T23:06:40","date_gmt":"2022-10-16T21:06:40","guid":{"rendered":"https:\/\/villa-libosad.cz\/?page_id=5052"},"modified":"2024-05-29T07:57:14","modified_gmt":"2024-05-29T05:57:14","slug":"poukazy-a-balicky","status":"publish","type":"page","link":"https:\/\/villa-libosad.cz\/en\/poukazy-a-balicky\/","title":{"rendered":"Poukazy a bal\u00ed\u010dky"},"content":{"rendered":"<div data-elementor-type=\"wp-page\" data-elementor-id=\"5052\" class=\"elementor elementor-5052\" data-elementor-settings=\"{&quot;ha_cmc_init_switcher&quot;:&quot;no&quot;}\">\n\t\t\t\t\t\t<section class=\"elementor-section elementor-top-section elementor-element elementor-element-bb5256a elementor-section-full_width elementor-section-height-default elementor-section-height-default\" data-id=\"bb5256a\" data-element_type=\"section\" data-e-type=\"section\" data-settings=\"{&quot;background_background&quot;:&quot;classic&quot;}\">\n\t\t\t\t\t\t\t<div class=\"elementor-background-overlay\"><\/div>\n\t\t\t\t\t\t\t<div class=\"elementor-container elementor-column-gap-no\">\n\t\t\t\t\t<div class=\"elementor-column elementor-col-100 elementor-top-column elementor-element elementor-element-dec0541\" data-id=\"dec0541\" data-element_type=\"column\" data-e-type=\"column\">\n\t\t\t<div class=\"elementor-widget-wrap elementor-element-populated\">\n\t\t\t\t\t\t<div class=\"elementor-element elementor-element-80e1cce elementor-widget elementor-widget-kinsley-intro\" data-id=\"80e1cce\" data-element_type=\"widget\" data-e-type=\"widget\" data-widget_type=\"kinsley-intro.default\">\n\t\t\t\t<div class=\"elementor-widget-container\">\n\t\t\t\t\t\n    <!-- banner -->\n    <section class=\"knsl-banner-simple knsl-transition-bottom knsl-banner-white\">\n      \n\t  \n      <div class=\"container\">\n        <div class=\"row\">\n          <div class=\"col-lg-12\">\n\n            <div class=\"knsl-center knsl-title-frame\">\n                            <h1 class=\"knsl-title--h knsl-mb-20 knsl-h1-inner\">\n                <span >\n                    Poukazy a pobytov\u00e9 bal\u00ed\u010dky                <\/span>\n              <\/h1>\n                            \n              \n            <\/div>\n\n          <\/div>\n        <\/div>\n      <\/div>\n    <\/section>\n    <!-- banner end -->\n\n\t\t\t\t\t\t<\/div>\n\t\t\t\t<\/div>\n\t\t\t\t\t<\/div>\n\t\t<\/div>\n\t\t\t\t\t<\/div>\n\t\t<\/section>\n\t\t\t\t<section class=\"elementor-section elementor-top-section elementor-element elementor-element-009ca46 elementor-section-boxed elementor-section-height-default elementor-section-height-default\" data-id=\"009ca46\" data-element_type=\"section\" data-e-type=\"section\">\n\t\t\t\t\t\t<div class=\"elementor-container elementor-column-gap-default\">\n\t\t\t\t\t<div class=\"elementor-column elementor-col-100 elementor-top-column elementor-element elementor-element-7679fc0\" data-id=\"7679fc0\" data-element_type=\"column\" data-e-type=\"column\">\n\t\t\t<div class=\"elementor-widget-wrap elementor-element-populated\">\n\t\t\t\t\t\t<div class=\"elementor-element elementor-element-1da35d7 elementor-widget elementor-widget-heading\" data-id=\"1da35d7\" data-element_type=\"widget\" data-e-type=\"widget\" data-widget_type=\"heading.default\">\n\t\t\t\t<div class=\"elementor-widget-container\">\n\t\t\t\t\t<h2 class=\"elementor-heading-title elementor-size-default\">D\u00e1rkov\u00e9 poukazy<\/h2>\t\t\t\t<\/div>\n\t\t\t\t<\/div>\n\t\t<div class=\"elementor-element elementor-element-f833bbc e-flex e-con-boxed e-con e-parent\" data-id=\"f833bbc\" data-element_type=\"container\" data-e-type=\"container\">\n\t\t\t\t\t<div class=\"e-con-inner\">\n\t\t<div class=\"elementor-element elementor-element-7a4d929 e-flex e-con-boxed e-con e-child\" data-id=\"7a4d929\" data-element_type=\"container\" data-e-type=\"container\" data-settings=\"{&quot;background_background&quot;:&quot;classic&quot;}\">\n\t\t\t\t\t<div class=\"e-con-inner\">\n\t\t\t\t<div class=\"elementor-element elementor-element-187a46e elementor-widget elementor-widget-image\" data-id=\"187a46e\" data-element_type=\"widget\" data-e-type=\"widget\" data-widget_type=\"image.default\">\n\t\t\t\t<div class=\"elementor-widget-container\">\n\t\t\t\t\t\t\t\t\t\t\t\t\t\t\t<img fetchpriority=\"high\" decoding=\"async\" width=\"768\" height=\"512\" src=\"https:\/\/villa-libosad.cz\/wp-content\/uploads\/2022\/10\/DSC00001-Edit-768x512.jpg\" class=\"attachment-medium_large size-medium_large wp-image-3979\" alt=\"\" srcset=\"https:\/\/villa-libosad.cz\/wp-content\/uploads\/2022\/10\/DSC00001-Edit-768x512.jpg 768w, https:\/\/villa-libosad.cz\/wp-content\/uploads\/2022\/10\/DSC00001-Edit-300x200.jpg 300w, https:\/\/villa-libosad.cz\/wp-content\/uploads\/2022\/10\/DSC00001-Edit-1024x683.jpg 1024w, https:\/\/villa-libosad.cz\/wp-content\/uploads\/2022\/10\/DSC00001-Edit-950x634.jpg 950w, https:\/\/villa-libosad.cz\/wp-content\/uploads\/2022\/10\/DSC00001-Edit-800x534.jpg 800w, https:\/\/villa-libosad.cz\/wp-content\/uploads\/2022\/10\/DSC00001-Edit.jpg 1499w\" sizes=\"(max-width: 768px) 100vw, 768px\" \/>\t\t\t\t\t\t\t\t\t\t\t\t\t\t\t<\/div>\n\t\t\t\t<\/div>\n\t\t\t\t<div class=\"elementor-element elementor-element-58d7e43 elementor-widget elementor-widget-heading\" data-id=\"58d7e43\" data-element_type=\"widget\" data-e-type=\"widget\" data-widget_type=\"heading.default\">\n\t\t\t\t<div class=\"elementor-widget-container\">\n\t\t\t\t\t<h2 class=\"elementor-heading-title elementor-size-default\">Poukaz do restaurace<\/h2>\t\t\t\t<\/div>\n\t\t\t\t<\/div>\n\t\t\t\t<div class=\"elementor-element elementor-element-d7fc6e3 elementor-widget elementor-widget-text-editor\" data-id=\"d7fc6e3\" data-element_type=\"widget\" data-e-type=\"widget\" data-widget_type=\"text-editor.default\">\n\t\t\t\t<div class=\"elementor-widget-container\">\n\t\t\t\t\t\t\t\t\t<p style=\"text-align: center;\">V hodnot\u00e1ch<\/p>\t\t\t\t\t\t\t\t<\/div>\n\t\t\t\t<\/div>\n\t\t<div class=\"elementor-element elementor-element-9dff3d9 e-flex e-con-boxed e-con e-child\" data-id=\"9dff3d9\" data-element_type=\"container\" data-e-type=\"container\">\n\t\t\t\t\t<div class=\"e-con-inner\">\n\t\t\t\t<div class=\"elementor-element elementor-element-6dfcacf elementor-widget elementor-widget-ha-creative-button happy-addon ha-creative-button\" data-id=\"6dfcacf\" data-element_type=\"widget\" data-e-type=\"widget\" data-widget_type=\"ha-creative-button.default\">\n\t\t\t\t<div class=\"elementor-widget-container\">\n\t\t\t\t\t\t\t<div data-magnetic=\"no\" class=\"ha-creative-btn-wrap\">\n\t\t\t<a class=\"ha-creative-btn ha-stl--hermosa ha-eft--render\" rel=\"nofollow\"><span>100 K\u010d<\/span><\/a>\n\t\t<\/div>\t\t\t\t<\/div>\n\t\t\t\t<\/div>\n\t\t\t\t<div class=\"elementor-element elementor-element-382e4fb elementor-widget elementor-widget-ha-creative-button happy-addon ha-creative-button\" data-id=\"382e4fb\" data-element_type=\"widget\" data-e-type=\"widget\" data-widget_type=\"ha-creative-button.default\">\n\t\t\t\t<div class=\"elementor-widget-container\">\n\t\t\t\t\t\t\t<div data-magnetic=\"no\" class=\"ha-creative-btn-wrap\">\n\t\t\t<a class=\"ha-creative-btn ha-stl--hermosa ha-eft--render\" rel=\"nofollow\"><span>500 K\u010d<\/span><\/a>\n\t\t<\/div>\t\t\t\t<\/div>\n\t\t\t\t<\/div>\n\t\t\t\t<div class=\"elementor-element elementor-element-4e01d22 elementor-widget elementor-widget-ha-creative-button happy-addon ha-creative-button\" data-id=\"4e01d22\" data-element_type=\"widget\" data-e-type=\"widget\" data-widget_type=\"ha-creative-button.default\">\n\t\t\t\t<div class=\"elementor-widget-container\">\n\t\t\t\t\t\t\t<div data-magnetic=\"no\" class=\"ha-creative-btn-wrap\">\n\t\t\t<a class=\"ha-creative-btn ha-stl--hermosa ha-eft--render\" rel=\"nofollow\"><span>1 000 K\u010d<\/span><\/a>\n\t\t<\/div>\t\t\t\t<\/div>\n\t\t\t\t<\/div>\n\t\t\t\t\t<\/div>\n\t\t\t\t<\/div>\n\t\t\t\t\t<\/div>\n\t\t\t\t<\/div>\n\t\t<div class=\"elementor-element elementor-element-51f7469 elementor-hidden-desktop elementor-hidden-tablet elementor-hidden-mobile e-flex e-con-boxed e-con e-child\" data-id=\"51f7469\" data-element_type=\"container\" data-e-type=\"container\" data-settings=\"{&quot;background_background&quot;:&quot;classic&quot;}\">\n\t\t\t\t\t<div class=\"e-con-inner\">\n\t\t\t\t<div class=\"elementor-element elementor-element-0ee95fb elementor-widget elementor-widget-image\" data-id=\"0ee95fb\" data-element_type=\"widget\" data-e-type=\"widget\" data-widget_type=\"image.default\">\n\t\t\t\t<div class=\"elementor-widget-container\">\n\t\t\t\t\t\t\t\t\t\t\t\t\t\t\t<img decoding=\"async\" width=\"768\" height=\"575\" src=\"https:\/\/villa-libosad.cz\/wp-content\/uploads\/2023\/12\/Wellness-7-768x575.jpg\" class=\"attachment-medium_large size-medium_large wp-image-5986\" alt=\"\" srcset=\"https:\/\/villa-libosad.cz\/wp-content\/uploads\/2023\/12\/Wellness-7-768x575.jpg 768w, https:\/\/villa-libosad.cz\/wp-content\/uploads\/2023\/12\/Wellness-7-300x225.jpg 300w, https:\/\/villa-libosad.cz\/wp-content\/uploads\/2023\/12\/Wellness-7-1368x1024.jpg 1368w, https:\/\/villa-libosad.cz\/wp-content\/uploads\/2023\/12\/Wellness-7-1536x1150.jpg 1536w, https:\/\/villa-libosad.cz\/wp-content\/uploads\/2023\/12\/Wellness-7-2048x1533.jpg 2048w, https:\/\/villa-libosad.cz\/wp-content\/uploads\/2023\/12\/Wellness-7-16x12.jpg 16w, https:\/\/villa-libosad.cz\/wp-content\/uploads\/2023\/12\/Wellness-7-950x711.jpg 950w, https:\/\/villa-libosad.cz\/wp-content\/uploads\/2023\/12\/Wellness-7-1920x1437.jpg 1920w\" sizes=\"(max-width: 768px) 100vw, 768px\" \/>\t\t\t\t\t\t\t\t\t\t\t\t\t\t\t<\/div>\n\t\t\t\t<\/div>\n\t\t\t\t<div class=\"elementor-element elementor-element-23ba1af elementor-widget elementor-widget-heading\" data-id=\"23ba1af\" data-element_type=\"widget\" data-e-type=\"widget\" data-widget_type=\"heading.default\">\n\t\t\t\t<div class=\"elementor-widget-container\">\n\t\t\t\t\t<h2 class=\"elementor-heading-title elementor-size-default\">Poukaz na priv\u00e1tn\u00ed wellness<\/h2>\t\t\t\t<\/div>\n\t\t\t\t<\/div>\n\t\t\t\t<div class=\"elementor-element elementor-element-33b5394 elementor-widget elementor-widget-text-editor\" data-id=\"33b5394\" data-element_type=\"widget\" data-e-type=\"widget\" data-widget_type=\"text-editor.default\">\n\t\t\t\t<div class=\"elementor-widget-container\">\n\t\t\t\t\t\t\t\t\t<p style=\"text-align: center;\">V\u010detn\u011b sektu a vody s citr\u00f3nem<\/p>\t\t\t\t\t\t\t\t<\/div>\n\t\t\t\t<\/div>\n\t\t\t\t<div class=\"elementor-element elementor-element-fa5299a elementor-widget elementor-widget-text-editor\" data-id=\"fa5299a\" data-element_type=\"widget\" data-e-type=\"widget\" data-widget_type=\"text-editor.default\">\n\t\t\t\t<div class=\"elementor-widget-container\">\n\t\t\t\t\t\t\t\t\t<p style=\"text-align: center;\">V hodnot\u011b<\/p>\t\t\t\t\t\t\t\t<\/div>\n\t\t\t\t<\/div>\n\t\t<div class=\"elementor-element elementor-element-35d7bdd e-flex e-con-boxed e-con e-child\" data-id=\"35d7bdd\" data-element_type=\"container\" data-e-type=\"container\">\n\t\t\t\t\t<div class=\"e-con-inner\">\n\t\t\t\t<div class=\"elementor-element elementor-element-f8a8c26 elementor-widget elementor-widget-ha-creative-button happy-addon ha-creative-button\" data-id=\"f8a8c26\" data-element_type=\"widget\" data-e-type=\"widget\" data-widget_type=\"ha-creative-button.default\">\n\t\t\t\t<div class=\"elementor-widget-container\">\n\t\t\t\t\t\t\t<div data-magnetic=\"no\" class=\"ha-creative-btn-wrap\">\n\t\t\t<a class=\"ha-creative-btn ha-stl--hermosa ha-eft--render\" rel=\"nofollow\"><span>1 299 K\u010d<\/span><\/a>\n\t\t<\/div>\t\t\t\t<\/div>\n\t\t\t\t<\/div>\n\t\t\t\t\t<\/div>\n\t\t\t\t<\/div>\n\t\t\t\t\t<\/div>\n\t\t\t\t<\/div>\n\t\t\t\t\t<\/div>\n\t\t\t\t<\/div>\n\t\t\t\t<div class=\"elementor-element elementor-element-92cf4e3 elementor-widget elementor-widget-heading\" data-id=\"92cf4e3\" data-element_type=\"widget\" data-e-type=\"widget\" data-widget_type=\"heading.default\">\n\t\t\t\t<div class=\"elementor-widget-container\">\n\t\t\t\t\t<div class=\"elementor-heading-title elementor-size-default\">V\u0161echny d\u00e1rkov\u00e9 poukazy jsou k zakoupen\u00ed v restauraci Villa Libosad.<\/div>\t\t\t\t<\/div>\n\t\t\t\t<\/div>\n\t\t\t\t\t<\/div>\n\t\t<\/div>\n\t\t\t\t\t<\/div>\n\t\t<\/section>\n\t\t\t\t<\/div>","protected":false},"excerpt":{"rendered":"<p>Poukazy a pobytov\u00e9 bal\u00ed\u010dky D\u00e1rkov\u00e9 poukazy Poukaz do restaurace V hodnot\u00e1ch 100 K\u010d 500 K\u010d 1 000 K\u010d Poukaz na&#8230; <span class=\"knsl-el-more\"><a href=\"https:\/\/villa-libosad.cz\/en\/poukazy-a-balicky\/\" class=\"knsl-btn\">Read more<span class=\"screen-reader-text\">Read more&nbsp;Poukazy a bal\u00ed\u010dky<\/span><\/a><\/span><\/p>","protected":false},"author":1,"featured_media":0,"parent":0,"menu_order":0,"comment_status":"closed","ping_status":"closed","template":"template-layout-builder.php","meta":{"footnotes":""},"class_list":["post-5052","page","type-page","status-publish","hentry"],"acf":[],"_links":{"self":[{"href":"https:\/\/villa-libosad.cz\/en\/wp-json\/wp\/v2\/pages\/5052","targetHints":{"allow":["GET"]}}],"collection":[{"href":"https:\/\/villa-libosad.cz\/en\/wp-json\/wp\/v2\/pages"}],"about":[{"href":"https:\/\/villa-libosad.cz\/en\/wp-json\/wp\/v2\/types\/page"}],"author":[{"embeddable":true,"href":"https:\/\/villa-libosad.cz\/en\/wp-json\/wp\/v2\/users\/1"}],"replies":[{"embeddable":true,"href":"https:\/\/villa-libosad.cz\/en\/wp-json\/wp\/v2\/comments?post=5052"}],"version-history":[{"count":117,"href":"https:\/\/villa-libosad.cz\/en\/wp-json\/wp\/v2\/pages\/5052\/revisions"}],"predecessor-version":[{"id":6410,"href":"https:\/\/villa-libosad.cz\/en\/wp-json\/wp\/v2\/pages\/5052\/revisions\/6410"}],"wp:attachment":[{"href":"https:\/\/villa-libosad.cz\/en\/wp-json\/wp\/v2\/media?parent=5052"}],"curies":[{"name":"wp","href":"https:\/\/api.w.org\/{rel}","templated":true}]}}