{"id":5970,"date":"2023-12-07T21:10:44","date_gmt":"2023-12-07T20:10:44","guid":{"rendered":"https:\/\/villa-libosad.cz\/?page_id=5970"},"modified":"2026-03-06T10:32:48","modified_gmt":"2026-03-06T09:32:48","slug":"wellness","status":"publish","type":"page","link":"https:\/\/villa-libosad.cz\/en\/wellness\/","title":{"rendered":"Relaxa\u010dn\u00ed z\u00f3na"},"content":{"rendered":"\t\t<div data-elementor-type=\"wp-page\" data-elementor-id=\"5970\" class=\"elementor elementor-5970\" data-elementor-settings=\"{&quot;ha_cmc_init_switcher&quot;:&quot;no&quot;}\">\n\t\t\t\t<div class=\"elementor-element elementor-element-a196d73 e-flex e-con-boxed e-con e-parent\" data-id=\"a196d73\" data-element_type=\"container\" data-e-type=\"container\" id=\"restaurant\" data-settings=\"{&quot;background_background&quot;:&quot;classic&quot;}\">\n\t\t\t\t\t<div class=\"e-con-inner\">\n\t\t<div class=\"elementor-element elementor-element-0d8537d e-con-full e-flex e-con e-child\" data-id=\"0d8537d\" data-element_type=\"container\" data-e-type=\"container\">\n\t\t<div class=\"elementor-element elementor-element-6041b79 e-con-full e-flex e-con e-child\" data-id=\"6041b79\" data-element_type=\"container\" data-e-type=\"container\" data-settings=\"{&quot;background_background&quot;:&quot;classic&quot;}\">\n\t\t<div class=\"elementor-element elementor-element-6621fc1 e-con-full e-flex e-con e-child\" data-id=\"6621fc1\" data-element_type=\"container\" data-e-type=\"container\" data-settings=\"{&quot;background_background&quot;:&quot;slideshow&quot;,&quot;background_slideshow_gallery&quot;:[{&quot;id&quot;:5981,&quot;url&quot;:&quot;https:\\\/\\\/villa-libosad.cz\\\/wp-content\\\/uploads\\\/2023\\\/12\\\/image0-1-scaled.jpeg&quot;},{&quot;id&quot;:5982,&quot;url&quot;:&quot;https:\\\/\\\/villa-libosad.cz\\\/wp-content\\\/uploads\\\/2023\\\/12\\\/image2-scaled.jpeg&quot;},{&quot;id&quot;:5984,&quot;url&quot;:&quot;https:\\\/\\\/villa-libosad.cz\\\/wp-content\\\/uploads\\\/2023\\\/12\\\/Wellness-2-scaled.jpg&quot;},{&quot;id&quot;:5989,&quot;url&quot;:&quot;https:\\\/\\\/villa-libosad.cz\\\/wp-content\\\/uploads\\\/2023\\\/12\\\/Wellness-20-scaled.jpg&quot;},{&quot;id&quot;:5996,&quot;url&quot;:&quot;https:\\\/\\\/villa-libosad.cz\\\/wp-content\\\/uploads\\\/2023\\\/12\\\/Wellness-16.jpg&quot;},{&quot;id&quot;:5997,&quot;url&quot;:&quot;https:\\\/\\\/villa-libosad.cz\\\/wp-content\\\/uploads\\\/2023\\\/12\\\/Wellness-22.jpg&quot;},{&quot;id&quot;:5985,&quot;url&quot;:&quot;https:\\\/\\\/villa-libosad.cz\\\/wp-content\\\/uploads\\\/2023\\\/12\\\/Wellness-4-scaled.jpg&quot;},{&quot;id&quot;:5986,&quot;url&quot;:&quot;https:\\\/\\\/villa-libosad.cz\\\/wp-content\\\/uploads\\\/2023\\\/12\\\/Wellness-7-scaled.jpg&quot;}],&quot;background_slideshow_ken_burns&quot;:&quot;yes&quot;,&quot;background_slideshow_loop&quot;:&quot;yes&quot;,&quot;background_slideshow_slide_duration&quot;:5000,&quot;background_slideshow_slide_transition&quot;:&quot;fade&quot;,&quot;background_slideshow_transition_duration&quot;:500,&quot;background_slideshow_ken_burns_zoom_direction&quot;:&quot;in&quot;}\">\n\t\t\t\t<\/div>\n\t\t<div class=\"elementor-element elementor-element-a578d54 e-con-full e-flex e-con e-child\" data-id=\"a578d54\" data-element_type=\"container\" data-e-type=\"container\">\n\t\t\t\t<div class=\"elementor-element elementor-element-9c95c8e elementor-widget elementor-widget-heading\" data-id=\"9c95c8e\" data-element_type=\"widget\" data-e-type=\"widget\" data-widget_type=\"heading.default\">\n\t\t\t\t<div class=\"elementor-widget-container\">\n\t\t\t\t\t<h1 class=\"elementor-heading-title elementor-size-default\">Relaxa\u010dn\u00ed z\u00f3na<\/h1>\t\t\t\t<\/div>\n\t\t\t\t<\/div>\n\t\t\t\t<div class=\"elementor-element elementor-element-1f8e42f elementor-widget elementor-widget-text-editor\" data-id=\"1f8e42f\" data-element_type=\"widget\" data-e-type=\"widget\" data-widget_type=\"text-editor.default\">\n\t\t\t\t<div class=\"elementor-widget-container\">\n\t\t\t\t\t\t\t\t\t<p>U\u017eijte si relaxaci v srdci \u010cesk\u00e9ho r\u00e1je!<\/p><p>Zanechte trable za z\u00e1dy a pono\u0159te se do okouzluj\u00edc\u00edho sv\u011bta klidu a p\u00e9\u010de.<\/p>\t\t\t\t\t\t\t\t<\/div>\n\t\t\t\t<\/div>\n\t\t<div class=\"elementor-element elementor-element-d653026 e-flex e-con-boxed e-con e-child\" data-id=\"d653026\" data-element_type=\"container\" data-e-type=\"container\">\n\t\t\t\t\t<div class=\"e-con-inner\">\n\t\t\t\t<div class=\"elementor-element elementor-element-3dd7488 elementor-align-left elementor-widget elementor-widget-button\" data-id=\"3dd7488\" data-element_type=\"widget\" data-e-type=\"widget\" data-widget_type=\"button.default\">\n\t\t\t\t<div class=\"elementor-widget-container\">\n\t\t\t\t\t\t\t\t\t<div class=\"elementor-button-wrapper\">\n\t\t\t\t\t<a class=\"elementor-button elementor-button-link elementor-size-lg\" href=\"#galerie\" target=\"_blank\">\n\t\t\t\t\t\t<span class=\"elementor-button-content-wrapper\">\n\t\t\t\t\t\t\t\t\t<span class=\"elementor-button-text\">Fotogalerie<\/span>\n\t\t\t\t\t<\/span>\n\t\t\t\t\t<\/a>\n\t\t\t\t<\/div>\n\t\t\t\t\t\t\t\t<\/div>\n\t\t\t\t<\/div>\n\t\t\t\t<div class=\"elementor-element elementor-element-df912e9 elementor-align-left elementor-widget__width-auto elementor-widget elementor-widget-button\" data-id=\"df912e9\" data-element_type=\"widget\" data-e-type=\"widget\" data-widget_type=\"button.default\">\n\t\t\t\t<div class=\"elementor-widget-container\">\n\t\t\t\t\t\t\t\t\t<div class=\"elementor-button-wrapper\">\n\t\t\t\t\t<a class=\"elementor-button elementor-button-link elementor-size-lg\" href=\"#rezervace\">\n\t\t\t\t\t\t<span class=\"elementor-button-content-wrapper\">\n\t\t\t\t\t\t\t\t\t<span class=\"elementor-button-text\">Rezervace<\/span>\n\t\t\t\t\t<\/span>\n\t\t\t\t\t<\/a>\n\t\t\t\t<\/div>\n\t\t\t\t\t\t\t\t<\/div>\n\t\t\t\t<\/div>\n\t\t\t\t\t<\/div>\n\t\t\t\t<\/div>\n\t\t\t\t<\/div>\n\t\t\t\t<\/div>\n\t\t\t\t<\/div>\n\t\t\t\t\t<\/div>\n\t\t\t\t<\/div>\n\t\t<div class=\"elementor-element elementor-element-62c87a0 e-flex e-con-boxed e-con e-parent\" data-id=\"62c87a0\" data-element_type=\"container\" data-e-type=\"container\" id=\"galerie\" data-settings=\"{&quot;background_background&quot;:&quot;classic&quot;}\">\n\t\t\t\t\t<div class=\"e-con-inner\">\n\t\t<div class=\"elementor-element elementor-element-1a87541 e-con-full e-flex e-con e-child\" data-id=\"1a87541\" data-element_type=\"container\" data-e-type=\"container\">\n\t\t\t\t<div class=\"elementor-element elementor-element-1d4570c elementor-widget elementor-widget-kinsley-about-gallery\" data-id=\"1d4570c\" data-element_type=\"widget\" data-e-type=\"widget\" data-widget_type=\"kinsley-about-gallery.default\">\n\t\t\t\t<div class=\"elementor-widget-container\">\n\t\t\t\t\t\n\t\t<!-- gallery -->\n\t  <section class=\"knsl-transition-none knsl-p-0-100\">\n    \t\n\t\t<div class=\"container\">        <div class=\"row align-items-center\">\n                    <div class=\"col-lg-12\">\n\n            <div class=\"knsl-center knsl-title-frame knsl-scroll-animation knsl-mb-100\">\n                            <h2 class=\"knsl-title--h knsl-mb-20\">\n              \t<span >\n\t\t\t\t          \tRelax v naprost\u00e9m soukrom\u00ed\t\t\t\t        <\/span>\n              <\/h2>\n                                          <div class=\"knsl-text knsl-mb-30\">\n              \t<p>\n              \t\t<span >\n\t\t\t\t          \t\tZanechte trable za z\u00e1dy a pono\u0159 se do okouzluj\u00edc\u00edho sv\u011bta klidu a p\u00e9\u010de.\t\t\t\t        \t<\/span>\n\t\t\t\t        <\/p>\n              <\/div>\n                                        <\/div>\n\n          <\/div>\n          \n                    <div class=\"col-lg-12\">\n\n            <!-- slider -->\n            <div class=\"swiper-container knsl-about-slider knsl-scroll-animation\">\n              <div class=\"swiper-wrapper\">\n                                <div class=\"swiper-slide\">\n\n                  <!-- gallery item -->\n                  <div class=\"knsl-image-frame\">\n                  \t                    \t\t\t\t\t<a data-elementor-lightbox-slideshow=\"about-gallery\" data-elementor-lightbox-title=\"Priv\u00e1tn\u00ed wellness\" href=\"https:\/\/villa-libosad.cz\/wp-content\/uploads\/2023\/12\/Wellness-16.jpg\">\n\t\t\t\t\t                      <img decoding=\"async\" src=\"https:\/\/villa-libosad.cz\/wp-content\/uploads\/2023\/12\/Wellness-16.jpg\" alt=\"Priv\u00e1tn\u00ed wellness\" \/>\n                                            <div class=\"knsl-badge\">\n                      \t<span >\n\t\t\t\t\t\t\tPriv\u00e1tn\u00ed wellness\t\t\t\t\t\t<\/span>\n                      <\/div>\n                                            <span class=\"knsl-zoom\"><i class=\"fas fa-search-plus\"><\/i><\/span>\n                    <\/a>\n                                      <\/div>\n                  <!-- gallery item end -->\n\n                <\/div>\n                                <div class=\"swiper-slide\">\n\n                  <!-- gallery item -->\n                  <div class=\"knsl-image-frame\">\n                  \t                    \t\t\t\t\t<a data-elementor-lightbox-slideshow=\"about-gallery\" data-elementor-lightbox-title=\"Finsk\u00e1 sauna\" href=\"https:\/\/villa-libosad.cz\/wp-content\/uploads\/2023\/12\/image2-1920x2560.jpeg\">\n\t\t\t\t\t                      <img decoding=\"async\" src=\"https:\/\/villa-libosad.cz\/wp-content\/uploads\/2023\/12\/image2-1920x2560.jpeg\" alt=\"Finsk\u00e1 sauna\" \/>\n                                            <div class=\"knsl-badge\">\n                      \t<span >\n\t\t\t\t\t\t\tFinsk\u00e1 sauna\t\t\t\t\t\t<\/span>\n                      <\/div>\n                                            <span class=\"knsl-zoom\"><i class=\"fas fa-search-plus\"><\/i><\/span>\n                    <\/a>\n                                      <\/div>\n                  <!-- gallery item end -->\n\n                <\/div>\n                                <div class=\"swiper-slide\">\n\n                  <!-- gallery item -->\n                  <div class=\"knsl-image-frame\">\n                  \t                    \t\t\t\t\t<a data-elementor-lightbox-slideshow=\"about-gallery\" data-elementor-lightbox-title=\"V\u00ed\u0159ivka\" href=\"https:\/\/villa-libosad.cz\/wp-content\/uploads\/2023\/12\/Wellness-20-1920x1436.jpg\">\n\t\t\t\t\t                      <img decoding=\"async\" src=\"https:\/\/villa-libosad.cz\/wp-content\/uploads\/2023\/12\/Wellness-20-1920x1436.jpg\" alt=\"V\u00ed\u0159ivka\" \/>\n                                            <div class=\"knsl-badge\">\n                      \t<span >\n\t\t\t\t\t\t\tV\u00ed\u0159ivka\t\t\t\t\t\t<\/span>\n                      <\/div>\n                                            <span class=\"knsl-zoom\"><i class=\"fas fa-search-plus\"><\/i><\/span>\n                    <\/a>\n                                      <\/div>\n                  <!-- gallery item end -->\n\n                <\/div>\n                                <div class=\"swiper-slide\">\n\n                  <!-- gallery item -->\n                  <div class=\"knsl-image-frame\">\n                  \t                    \t\t\t\t\t<a data-elementor-lightbox-slideshow=\"about-gallery\" data-elementor-lightbox-title=\"Finsk\u00e1 sauna\" href=\"https:\/\/villa-libosad.cz\/wp-content\/uploads\/2023\/12\/image0-1-1920x2560.jpeg\">\n\t\t\t\t\t                      <img decoding=\"async\" src=\"https:\/\/villa-libosad.cz\/wp-content\/uploads\/2023\/12\/image0-1-1920x2560.jpeg\" alt=\"Finsk\u00e1 sauna\" \/>\n                                            <div class=\"knsl-badge\">\n                      \t<span >\n\t\t\t\t\t\t\tFinsk\u00e1 sauna\t\t\t\t\t\t<\/span>\n                      <\/div>\n                                            <span class=\"knsl-zoom\"><i class=\"fas fa-search-plus\"><\/i><\/span>\n                    <\/a>\n                                      <\/div>\n                  <!-- gallery item end -->\n\n                <\/div>\n                                <div class=\"swiper-slide\">\n\n                  <!-- gallery item -->\n                  <div class=\"knsl-image-frame\">\n                  \t                    \t\t\t\t\t<a data-elementor-lightbox-slideshow=\"about-gallery\" data-elementor-lightbox-title=\"Odpo\u010dinkov\u00e1 z\u00f3na\" href=\"https:\/\/villa-libosad.cz\/wp-content\/uploads\/2023\/12\/Wellness-7-1920x1437.jpg\">\n\t\t\t\t\t                      <img decoding=\"async\" src=\"https:\/\/villa-libosad.cz\/wp-content\/uploads\/2023\/12\/Wellness-7-1920x1437.jpg\" alt=\"Odpo\u010dinkov\u00e1 z\u00f3na\" \/>\n                                            <div class=\"knsl-badge\">\n                      \t<span >\n\t\t\t\t\t\t\tOdpo\u010dinkov\u00e1 z\u00f3na\t\t\t\t\t\t<\/span>\n                      <\/div>\n                                            <span class=\"knsl-zoom\"><i class=\"fas fa-search-plus\"><\/i><\/span>\n                    <\/a>\n                                      <\/div>\n                  <!-- gallery item end -->\n\n                <\/div>\n                                <div class=\"swiper-slide\">\n\n                  <!-- gallery item -->\n                  <div class=\"knsl-image-frame\">\n                  \t                    \t\t\t\t\t<a data-elementor-lightbox-slideshow=\"about-gallery\" data-elementor-lightbox-title=\"Finsk\u00e1 sauna\" href=\"https:\/\/villa-libosad.cz\/wp-content\/uploads\/2023\/12\/Wellness-5.jpg\">\n\t\t\t\t\t                      <img decoding=\"async\" src=\"https:\/\/villa-libosad.cz\/wp-content\/uploads\/2023\/12\/Wellness-5.jpg\" alt=\"Finsk\u00e1 sauna\" \/>\n                                            <div class=\"knsl-badge\">\n                      \t<span >\n\t\t\t\t\t\t\tFinsk\u00e1 sauna\t\t\t\t\t\t<\/span>\n                      <\/div>\n                                            <span class=\"knsl-zoom\"><i class=\"fas fa-search-plus\"><\/i><\/span>\n                    <\/a>\n                                      <\/div>\n                  <!-- gallery item end -->\n\n                <\/div>\n                                <div class=\"swiper-slide\">\n\n                  <!-- gallery item -->\n                  <div class=\"knsl-image-frame\">\n                  \t                    \t\t\t\t\t<a data-elementor-lightbox-slideshow=\"about-gallery\" data-elementor-lightbox-title=\"Odpo\u010dinkov\u00e1 z\u00f3na\" href=\"https:\/\/villa-libosad.cz\/wp-content\/uploads\/2023\/12\/Wellness-2-1920x1436.jpg\">\n\t\t\t\t\t                      <img decoding=\"async\" src=\"https:\/\/villa-libosad.cz\/wp-content\/uploads\/2023\/12\/Wellness-2-1920x1436.jpg\" alt=\"Odpo\u010dinkov\u00e1 z\u00f3na\" \/>\n                                            <div class=\"knsl-badge\">\n                      \t<span >\n\t\t\t\t\t\t\tOdpo\u010dinkov\u00e1 z\u00f3na\t\t\t\t\t\t<\/span>\n                      <\/div>\n                                            <span class=\"knsl-zoom\"><i class=\"fas fa-search-plus\"><\/i><\/span>\n                    <\/a>\n                                      <\/div>\n                  <!-- gallery item end -->\n\n                <\/div>\n                                <div class=\"swiper-slide\">\n\n                  <!-- gallery item -->\n                  <div class=\"knsl-image-frame\">\n                  \t                    \t\t\t\t\t<a data-elementor-lightbox-slideshow=\"about-gallery\" data-elementor-lightbox-title=\"Finsk\u00e1 sauna\" href=\"https:\/\/villa-libosad.cz\/wp-content\/uploads\/2023\/12\/image1-1920x2560.jpeg\">\n\t\t\t\t\t                      <img decoding=\"async\" src=\"https:\/\/villa-libosad.cz\/wp-content\/uploads\/2023\/12\/image1-1920x2560.jpeg\" alt=\"Finsk\u00e1 sauna\" \/>\n                                            <div class=\"knsl-badge\">\n                      \t<span >\n\t\t\t\t\t\t\tFinsk\u00e1 sauna\t\t\t\t\t\t<\/span>\n                      <\/div>\n                                            <span class=\"knsl-zoom\"><i class=\"fas fa-search-plus\"><\/i><\/span>\n                    <\/a>\n                                      <\/div>\n                  <!-- gallery item end -->\n\n                <\/div>\n                              <\/div>\n\n              <!-- slider navigation -->\n              <div class=\"knsl-slider-nav-panel\">\n                <!-- pagination -->\n                <div class=\"knsl-about-slider-1-pagination\"><\/div>\n                <!-- navigation -->\n                <div class=\"knsl-about-slider-nav\">\n                  <div class=\"knsl-about-slider-1-prev\"><i class=\"fas fa-arrow-left\"><\/i><\/div>\n                  <div class=\"knsl-about-slider-1-next\"><i class=\"fas fa-arrow-right\"><\/i><\/div>\n                <\/div>\n                <!-- navigation end -->\n              <\/div>\n              <!-- slider navigation end -->\n\n            <\/div>\n            <!-- slider end -->\n\n          <\/div>\n          \n        <\/div>\n\t\t<\/div>\n    <\/section>\n    <!-- gallery end -->\n\n\t\t\t\t\t\t<\/div>\n\t\t\t\t<\/div>\n\t\t\t\t<\/div>\n\t\t\t\t\t<\/div>\n\t\t\t\t<\/div>\n\t\t<div class=\"elementor-element elementor-element-e2c99f3 e-flex e-con-boxed e-con e-parent\" data-id=\"e2c99f3\" data-element_type=\"container\" data-e-type=\"container\" id=\"rezervace\">\n\t\t\t\t\t<div class=\"e-con-inner\">\n\t\t<div class=\"elementor-element elementor-element-a7ea4b4 e-con-full e-flex e-con e-child\" data-id=\"a7ea4b4\" data-element_type=\"container\" data-e-type=\"container\">\n\t\t\t\t<div class=\"elementor-element elementor-element-0a10aa0 elementor-widget elementor-widget-heading\" data-id=\"0a10aa0\" data-element_type=\"widget\" data-e-type=\"widget\" data-widget_type=\"heading.default\">\n\t\t\t\t<div class=\"elementor-widget-container\">\n\t\t\t\t\t<h2 class=\"elementor-heading-title elementor-size-default\">Online objedn\u00e1vka<\/h2>\t\t\t\t<\/div>\n\t\t\t\t<\/div>\n\t\t\t\t<div class=\"elementor-element elementor-element-34c6bef elementor-widget elementor-widget-text-editor\" data-id=\"34c6bef\" data-element_type=\"widget\" data-e-type=\"widget\" data-widget_type=\"text-editor.default\">\n\t\t\t\t<div class=\"elementor-widget-container\">\n\t\t\t\t\t\t\t\t\t<p data-start=\"165\" data-end=\"293\">Nab\u00edz\u00edme pron\u00e1jem priv\u00e1tn\u00ed relaxa\u010dn\u00ed z\u00f3ny pro maxim\u00e1ln\u011b 4 osoby.<br data-start=\"229\" data-end=\"232\" \/>Rezervace je nutn\u00e1 p\u0159edem. D\u00e9lka jedn\u00e9 rezervace je 90 minut.<\/p><p data-start=\"295\" data-end=\"377\">Vstup je v\u017edy pouze soukrom\u00fd \u2013 wellness m\u00e1te po celou dobu rezervace jen pro sebe.<\/p><p data-start=\"379\" data-end=\"603\">Wellness nen\u00ed provozov\u00e1no jako samostatn\u00e1 ve\u0159ejn\u00e1 slu\u017eba, ale slou\u017e\u00ed jako dopln\u011bk k ubytov\u00e1n\u00ed.<br data-start=\"473\" data-end=\"476\" \/>Priv\u00e1tn\u00ed odpo\u010dinkov\u00e1 z\u00f3na je ur\u010dena p\u0159edev\u0161\u00edm pro ubytovan\u00e9 hosty a v\u00fdjime\u010dn\u011b tak\u00e9 pro n\u00e1v\u0161t\u011bvn\u00edky na z\u00e1klad\u011b pozv\u00e1n\u00ed majitele.<\/p><p data-start=\"605\" data-end=\"669\">Pozv\u00e1n\u00ed je mo\u017en\u00e9 domluvit na kontaktech n\u00ed\u017ee.<\/p>\t\t\t\t\t\t\t\t<\/div>\n\t\t\t\t<\/div>\n\t\t\t\t<div class=\"elementor-element elementor-element-69c61c3 elementor-icon-list--layout-inline elementor-align-center elementor-list-item-link-full_width elementor-widget elementor-widget-icon-list\" data-id=\"69c61c3\" data-element_type=\"widget\" data-e-type=\"widget\" data-widget_type=\"icon-list.default\">\n\t\t\t\t<div class=\"elementor-widget-container\">\n\t\t\t\t\t\t\t<ul class=\"elementor-icon-list-items elementor-inline-items\">\n\t\t\t\t\t\t\t<li class=\"elementor-icon-list-item elementor-inline-item\">\n\t\t\t\t\t\t\t\t\t\t\t<a href=\"tel:773705507\">\n\n\t\t\t\t\t\t\t\t\t\t\t\t<span class=\"elementor-icon-list-icon\">\n\t\t\t\t\t\t\t<i aria-hidden=\"true\" class=\"fas fa-mobile-alt\"><\/i>\t\t\t\t\t\t<\/span>\n\t\t\t\t\t\t\t\t\t\t<span class=\"elementor-icon-list-text\">+420 773 705 507<\/span>\n\t\t\t\t\t\t\t\t\t\t\t<\/a>\n\t\t\t\t\t\t\t\t\t<\/li>\n\t\t\t\t\t\t\t\t<li class=\"elementor-icon-list-item elementor-inline-item\">\n\t\t\t\t\t\t\t\t\t\t\t<a href=\"mailto:rezervace@villa-libosad.cz\">\n\n\t\t\t\t\t\t\t\t\t\t\t\t<span class=\"elementor-icon-list-icon\">\n\t\t\t\t\t\t\t<i aria-hidden=\"true\" class=\"far fa-envelope\"><\/i>\t\t\t\t\t\t<\/span>\n\t\t\t\t\t\t\t\t\t\t<span class=\"elementor-icon-list-text\">rezervace@villa-libosad.cz<\/span>\n\t\t\t\t\t\t\t\t\t\t\t<\/a>\n\t\t\t\t\t\t\t\t\t<\/li>\n\t\t\t\t\t\t<\/ul>\n\t\t\t\t\t\t<\/div>\n\t\t\t\t<\/div>\n\t\t<div class=\"elementor-element elementor-element-34525e9 e-con-full e-flex e-con e-child\" data-id=\"34525e9\" data-element_type=\"container\" data-e-type=\"container\">\n\t\t<div class=\"elementor-element elementor-element-ab6fb9c e-con-full elementor-hidden-desktop elementor-hidden-tablet elementor-hidden-mobile e-flex e-con e-child\" data-id=\"ab6fb9c\" data-element_type=\"container\" data-e-type=\"container\" data-settings=\"{&quot;background_background&quot;:&quot;classic&quot;}\">\n\t\t\t\t<div class=\"elementor-element elementor-element-c72de8b elementor-widget elementor-widget-heading\" data-id=\"c72de8b\" data-element_type=\"widget\" data-e-type=\"widget\" data-widget_type=\"heading.default\">\n\t\t\t\t<div class=\"elementor-widget-container\">\n\t\t\t\t\t<h3 class=\"elementor-heading-title elementor-size-default\">Rezerva\u010dn\u00ed formul\u00e1\u0159<\/h3>\t\t\t\t<\/div>\n\t\t\t\t<\/div>\n\t\t\t\t<div class=\"elementor-element elementor-element-068686d elementor-widget elementor-widget-kinsley-contact-form\" data-id=\"068686d\" data-element_type=\"widget\" data-e-type=\"widget\" data-widget_type=\"kinsley-contact-form.default\">\n\t\t\t\t<div class=\"elementor-widget-container\">\n\t\t\t\t\t\n    <section class=\"knsl-transition-none knsl-p-0-100\">\n      \n      <div class=\"container\">\n        <div class=\"row\">\n                              <div class=\"col-lg-12\">\n            <div class=\"knsl-scroll-animation-default\">\n              \n<div class=\"wpcf7 no-js\" id=\"wpcf7-f6034-o1\" lang=\"en-US\" dir=\"ltr\" data-wpcf7-id=\"6034\">\n<div class=\"screen-reader-response\"><p role=\"status\" aria-live=\"polite\" aria-atomic=\"true\"><\/p> <ul><\/ul><\/div>\n<form action=\"\/en\/wp-json\/wp\/v2\/pages\/5970#wpcf7-f6034-o1\" method=\"post\" class=\"wpcf7-form init\" aria-label=\"Contact form\" novalidate=\"novalidate\" data-status=\"init\">\n<fieldset class=\"hidden-fields-container\"><input type=\"hidden\" name=\"_wpcf7\" value=\"6034\" \/><input type=\"hidden\" name=\"_wpcf7_version\" value=\"6.1.5\" \/><input type=\"hidden\" name=\"_wpcf7_locale\" value=\"en_US\" \/><input type=\"hidden\" name=\"_wpcf7_unit_tag\" value=\"wpcf7-f6034-o1\" \/><input type=\"hidden\" name=\"_wpcf7_container_post\" value=\"0\" \/><input type=\"hidden\" name=\"_wpcf7_posted_data_hash\" value=\"\" \/><input type=\"hidden\" name=\"_wpcf7_recaptcha_response\" value=\"\" \/>\n<\/fieldset>\n<label> Jm\u00e9no a p\u0159\u00edjmen\u00ed\n    <span class=\"wpcf7-form-control-wrap\" data-name=\"your-name\"><input size=\"40\" maxlength=\"400\" class=\"wpcf7-form-control wpcf7-text wpcf7-validates-as-required\" aria-required=\"true\" aria-invalid=\"false\" value=\"\" type=\"text\" name=\"your-name\" \/><\/span> <\/label>\n\n<label> E-mail\n    <span class=\"wpcf7-form-control-wrap\" data-name=\"your-email\"><input size=\"40\" maxlength=\"400\" class=\"wpcf7-form-control wpcf7-email wpcf7-validates-as-required wpcf7-text wpcf7-validates-as-email\" aria-required=\"true\" aria-invalid=\"false\" value=\"\" type=\"email\" name=\"your-email\" \/><\/span> <\/label>\n\n<label> Telefonn\u00ed \u010d\u00edslo\n    <span class=\"wpcf7-form-control-wrap\" data-name=\"tel-323\"><input size=\"40\" maxlength=\"400\" class=\"wpcf7-form-control wpcf7-tel wpcf7-validates-as-required wpcf7-text wpcf7-validates-as-tel\" aria-required=\"true\" aria-invalid=\"false\" value=\"\" type=\"tel\" name=\"tel-323\" \/><\/span> <\/label>\n\n<label> Po\u017eadovan\u00fd datum a \u010das\n    <span class=\"wpcf7-form-control-wrap\" data-name=\"date-time\"><input size=\"40\" maxlength=\"400\" class=\"wpcf7-form-control wpcf7-text wpcf7-validates-as-required\" aria-required=\"true\" aria-invalid=\"false\" value=\"\" type=\"text\" name=\"date-time\" \/><\/span><\/label>\n\n<input class=\"wpcf7-form-control wpcf7-submit has-spinner\" type=\"submit\" value=\"Odeslat zpr\u00e1vu\" \/><input type='hidden' class='wpcf7-pum' value='{\"closepopup\":false,\"closedelay\":0,\"openpopup\":false,\"openpopup_id\":0}' \/><div class=\"wpcf7-response-output\" aria-hidden=\"true\"><\/div>\n<\/form>\n<\/div>\n            <\/div>\n          <\/div>\n                  <\/div>\n      <\/div>\n    <\/section>\n\n\t\t\t\t\t\t<\/div>\n\t\t\t\t<\/div>\n\t\t\t\t<\/div>\n\t\t\t\t<\/div>\n\t\t\t\t<\/div>\n\t\t\t\t\t<\/div>\n\t\t\t\t<\/div>\n\t\t\t\t<\/div>\n\t\t","protected":false},"excerpt":{"rendered":"<p>Relaxa\u010dn\u00ed z\u00f3na U\u017eijte si relaxaci v srdci \u010cesk\u00e9ho r\u00e1je! Zanechte trable za z\u00e1dy a pono\u0159te se do okouzluj\u00edc\u00edho sv\u011bta klidu&#8230; <span class=\"knsl-el-more\"><a href=\"https:\/\/villa-libosad.cz\/en\/wellness\/\" class=\"knsl-btn\">Read more<span class=\"screen-reader-text\">Read more&nbsp;Relaxa\u010dn\u00ed z\u00f3na<\/span><\/a><\/span><\/p>","protected":false},"author":1,"featured_media":0,"parent":0,"menu_order":0,"comment_status":"closed","ping_status":"closed","template":"template-layout-builder.php","meta":{"footnotes":""},"class_list":["post-5970","page","type-page","status-publish","hentry"],"acf":[],"_links":{"self":[{"href":"https:\/\/villa-libosad.cz\/en\/wp-json\/wp\/v2\/pages\/5970","targetHints":{"allow":["GET"]}}],"collection":[{"href":"https:\/\/villa-libosad.cz\/en\/wp-json\/wp\/v2\/pages"}],"about":[{"href":"https:\/\/villa-libosad.cz\/en\/wp-json\/wp\/v2\/types\/page"}],"author":[{"embeddable":true,"href":"https:\/\/villa-libosad.cz\/en\/wp-json\/wp\/v2\/users\/1"}],"replies":[{"embeddable":true,"href":"https:\/\/villa-libosad.cz\/en\/wp-json\/wp\/v2\/comments?post=5970"}],"version-history":[{"count":88,"href":"https:\/\/villa-libosad.cz\/en\/wp-json\/wp\/v2\/pages\/5970\/revisions"}],"predecessor-version":[{"id":6493,"href":"https:\/\/villa-libosad.cz\/en\/wp-json\/wp\/v2\/pages\/5970\/revisions\/6493"}],"wp:attachment":[{"href":"https:\/\/villa-libosad.cz\/en\/wp-json\/wp\/v2\/media?parent=5970"}],"curies":[{"name":"wp","href":"https:\/\/api.w.org\/{rel}","templated":true}]}}